{"id":4773,"date":"2023-10-17T12:03:21","date_gmt":"2023-10-17T10:03:21","guid":{"rendered":"https:\/\/zapaandme.com\/product\/y-oprsnica-mermaid-sally\/"},"modified":"2025-05-09T00:27:13","modified_gmt":"2025-05-08T22:27:13","slug":"y-oprsnica-mermaid-sally","status":"publish","type":"product","link":"https:\/\/zapaandme.com\/sl\/izdelek\/y-oprsnica-mermaid-sally\/","title":{"rendered":"Y Oprsnica &#8211; Mermaid Sally"},"content":{"rendered":"","protected":false},"excerpt":{"rendered":"<p>Na\u0161 dizajn za Y oprsnico je tukaj.<\/p>\n<p>Podlo\u017een pas je nastavljiv tako na vratu kot na prsih z vrhunsko kovinsko opremo po vsej oprsnici, kar va\u0161emu psu omogo\u010da nekaj flisa pod njo v primeru mraza kot bistvo in elegance na sprehodu.<\/p>\n<p>Podloga je izdelana iz mehkega neoprena za dodatno udobje. Y oprsnica na trakove je primerna za ve\u010dje pse. D rinka priro\u010dna za pritrditev povodca ali identifikacijskega obeska.<\/p>\n<p>Glede na zbirko je na\u0161 vzorec Vacation Station primeren za pse fante &#8230; vendar ga obo\u017eujejo tudi dekleta \ud83d\ude09<\/p>\n","protected":false},"featured_media":2789,"comment_status":"open","ping_status":"closed","template":"","meta":[],"etheme_brands":[],"product_brand":[],"product_cat":[126,121,184],"product_tag":[271,140,136,270],"class_list":{"0":"post-4773","1":"product","2":"type-product","3":"status-publish","4":"has-post-thumbnail","6":"product_cat-mermaid-sally-sl","7":"product_cat-oprsnice","8":"product_cat-outlet-sl","9":"product_tag-dog-accessories-sl","10":"product_tag-mermaid-sally-sl","11":"product_tag-oprsnica","12":"product_tag-y-oprsnica","14":"first","15":"instock","16":"sale","17":"shipping-taxable","18":"purchasable","19":"product-type-simple"},"_links":{"self":[{"href":"https:\/\/zapaandme.com\/sl\/wp-json\/wp\/v2\/product\/4773","targetHints":{"allow":["GET"]}}],"collection":[{"href":"https:\/\/zapaandme.com\/sl\/wp-json\/wp\/v2\/product"}],"about":[{"href":"https:\/\/zapaandme.com\/sl\/wp-json\/wp\/v2\/types\/product"}],"replies":[{"embeddable":true,"href":"https:\/\/zapaandme.com\/sl\/wp-json\/wp\/v2\/comments?post=4773"}],"version-history":[{"count":1,"href":"https:\/\/zapaandme.com\/sl\/wp-json\/wp\/v2\/product\/4773\/revisions"}],"predecessor-version":[{"id":6638,"href":"https:\/\/zapaandme.com\/sl\/wp-json\/wp\/v2\/product\/4773\/revisions\/6638"}],"wp:featuredmedia":[{"embeddable":true,"href":"https:\/\/zapaandme.com\/sl\/wp-json\/wp\/v2\/media\/2789"}],"wp:attachment":[{"href":"https:\/\/zapaandme.com\/sl\/wp-json\/wp\/v2\/media?parent=4773"}],"wp:term":[{"taxonomy":"brand","embeddable":true,"href":"https:\/\/zapaandme.com\/sl\/wp-json\/wp\/v2\/etheme_brands?post=4773"},{"taxonomy":"product_brand","embeddable":true,"href":"https:\/\/zapaandme.com\/sl\/wp-json\/wp\/v2\/product_brand?post=4773"},{"taxonomy":"product_cat","embeddable":true,"href":"https:\/\/zapaandme.com\/sl\/wp-json\/wp\/v2\/product_cat?post=4773"},{"taxonomy":"product_tag","embeddable":true,"href":"https:\/\/zapaandme.com\/sl\/wp-json\/wp\/v2\/product_tag?post=4773"}],"curies":[{"name":"wp","href":"https:\/\/api.w.org\/{rel}","templated":true}]}}