{"id":4473,"date":"2023-10-17T12:04:31","date_gmt":"2023-10-17T10:04:31","guid":{"rendered":"https:\/\/zapaandme.com\/product\/xxs-xs-s-m-oh-bunny\/"},"modified":"2025-08-21T17:52:16","modified_gmt":"2025-08-21T15:52:16","slug":"xxs-xs-s-m-oh-bunny","status":"publish","type":"product","link":"https:\/\/zapaandme.com\/sl\/izdelek\/xxs-xs-s-m-oh-bunny\/","title":{"rendered":"XXS | XS | S | M &#8211; Oh Bunny"},"content":{"rendered":"<p><strong>Material:<\/strong><br \/>\nOprsnica ZAPA&amp;ME je izdelana iz mehkega in trpe\u017enega neoprena, ki je enostaven za \u010di\u0161\u010denje. Podloga je iz mehkega mre\u017eastega materiala, ki diha, prepre\u010duje drgnjenje po ko\u017ei psa in pregrevanje. Neopren zagotavlja hipoalergeno no\u0161enje, kar zmanj\u0161uje tveganje za dra\u017eenje. Podloga prav tako slu\u017ei kot za\u0161\u010dita pred morebitnimi udarci. Oprsnica ima dodatno PVC prevleko za la\u017eje vzdr\u017eevanje in hitro su\u0161enje. Lastnost nepremo\u010dljivosti neoprenske oprsnice zagotavlja tudi, da ne bo absorbirala vode in obte\u017eila psa.<\/p>\n<p>Oprsnica je primerna za vodenje in usposabljanje psa med vajami. Zaponke in nastavitve so izdelane iz trpe\u017ene plastike, medtem ko sta trdna prednja in zadnja D-rinka izdelani iz visokokakovostne kovine. Nastavljivost oprsnice omogo\u010da, da v hladnih dneh psa tudi oble\u010dete pod oprsnicom, ker zagotavlja varne in elegantne sprehode.<\/p>\n<p>Kako dolo\u010diti velikost? Velikost dolo\u010dimo z merjenjem obsega prsnega ko\u0161a na naj\u0161ir\u0161em delu reber, obi\u010dajno tik za prednjimi ta\u010dkami.<\/p>\n<p><strong>LASTNOSTI OPRSNICE:<\/strong><\/p>\n<ul>\n<li>Trpe\u017een material<\/li>\n<li>Vodoodporna<\/li>\n<li>V hladnem vremenu pomaga uravnavati telesno temperaturo<\/li>\n<li>Enostavena za \u010di\u0161\u010denje<\/li>\n<li>Alergikom prijazna \u2013 za ob\u010dutljivo ko\u017eo nudi hipoalergeno no\u0161enje z zmanj\u0161anjem tveganja za dra\u017eenje<\/li>\n<li>D-rinka spredaj in zadaj<\/li>\n<li>Dodatno mehko podlo\u017eena<\/li>\n<li>\u017divahen vzorec<\/li>\n<li>Absorpcija udarcev<\/li>\n<\/ul>\n","protected":false},"excerpt":{"rendered":"<p>Nastavljiva oprsnica proti ZAPA&#038;ME za pse je ergonomsko oblikovana in primerna za manj\u0161e pasme. Oprsnica je podlo\u017eena, kar enakomerno porazdeli pritisk po ve\u010dji povr\u0161ini. Odli\u010dno se prilega, zahvaljujo\u010d nastavljivim trakom okoli vratu in prsnega ko\u0161a na 4 to\u010dkah. Oprsnica je zelo enostavna za namestitev. Oprsnico odprete pri zadnji zaponki, nato pa jo nataknete \u010dez glavo psa in jo zapnete za njegovimi ta\u010dkami.<\/p>\n","protected":false},"featured_media":2860,"comment_status":"open","ping_status":"closed","template":"","meta":[],"etheme_brands":[],"product_brand":[],"product_cat":[127,121],"product_tag":[188],"class_list":{"0":"post-4473","1":"product","2":"type-product","3":"status-publish","4":"has-post-thumbnail","6":"product_cat-oh-bunny-sl","7":"product_cat-oprsnice","8":"product_tag-oh-bunny-sl","10":"first","11":"instock","12":"sale","13":"shipping-taxable","14":"purchasable","15":"product-type-variable"},"_links":{"self":[{"href":"https:\/\/zapaandme.com\/sl\/wp-json\/wp\/v2\/product\/4473","targetHints":{"allow":["GET"]}}],"collection":[{"href":"https:\/\/zapaandme.com\/sl\/wp-json\/wp\/v2\/product"}],"about":[{"href":"https:\/\/zapaandme.com\/sl\/wp-json\/wp\/v2\/types\/product"}],"replies":[{"embeddable":true,"href":"https:\/\/zapaandme.com\/sl\/wp-json\/wp\/v2\/comments?post=4473"}],"version-history":[{"count":1,"href":"https:\/\/zapaandme.com\/sl\/wp-json\/wp\/v2\/product\/4473\/revisions"}],"predecessor-version":[{"id":6652,"href":"https:\/\/zapaandme.com\/sl\/wp-json\/wp\/v2\/product\/4473\/revisions\/6652"}],"wp:featuredmedia":[{"embeddable":true,"href":"https:\/\/zapaandme.com\/sl\/wp-json\/wp\/v2\/media\/2860"}],"wp:attachment":[{"href":"https:\/\/zapaandme.com\/sl\/wp-json\/wp\/v2\/media?parent=4473"}],"wp:term":[{"taxonomy":"brand","embeddable":true,"href":"https:\/\/zapaandme.com\/sl\/wp-json\/wp\/v2\/etheme_brands?post=4473"},{"taxonomy":"product_brand","embeddable":true,"href":"https:\/\/zapaandme.com\/sl\/wp-json\/wp\/v2\/product_brand?post=4473"},{"taxonomy":"product_cat","embeddable":true,"href":"https:\/\/zapaandme.com\/sl\/wp-json\/wp\/v2\/product_cat?post=4473"},{"taxonomy":"product_tag","embeddable":true,"href":"https:\/\/zapaandme.com\/sl\/wp-json\/wp\/v2\/product_tag?post=4473"}],"curies":[{"name":"wp","href":"https:\/\/api.w.org\/{rel}","templated":true}]}}