{"id":4371,"date":"2024-01-16T10:57:00","date_gmt":"2024-01-16T09:57:00","guid":{"rendered":"https:\/\/zapaandme.com\/product\/povodec-artificial-intelligence\/"},"modified":"2024-05-09T14:55:12","modified_gmt":"2024-05-09T12:55:12","slug":"povodec-artificial-intelligence","status":"publish","type":"product","link":"https:\/\/zapaandme.com\/sl\/izdelek\/povodec-artificial-intelligence\/","title":{"rendered":"Povodec &#8211; Artificial Intelligence"},"content":{"rendered":"","protected":false},"excerpt":{"rendered":"<p>ZAPA&amp;ME pisan povodec za dolge in kratke sprehode ter pohode s psom.<\/p>\n<p>Trpe\u017een in izredno kvaliteten povodec narejen iz vzdr\u017eljivih vlaken. Opremljen z D- rinko na katero pripnemo torbico za vre\u010dke. Podlo\u017een ro\u010daj z mehkim neoprenom nudi udoben oprijem.<\/p>\n<p>Natezna trdnost zado\u0161\u010da priporo\u010deni te\u017ei pripetih pasem. Zaponka narejena iz vzdr\u017eljive kovine.<\/p>\n<p>Moden 1,5m povodec lahko kombinira\u0161 z oprsnico in torbico iz iste kolekcije za sprehode v stilu.<\/p>\n","protected":false},"featured_media":3797,"comment_status":"open","ping_status":"closed","template":"","meta":[],"etheme_brands":[],"product_brand":[],"product_cat":[212,138],"product_tag":[234,233],"class_list":{"0":"post-4371","1":"product","2":"type-product","3":"status-publish","4":"has-post-thumbnail","6":"product_cat-artificial-intelligence-sl","7":"product_cat-povodci","8":"product_tag-artificial-intelligence-sl","9":"product_tag-povodec-sl","11":"first","12":"outofstock","13":"featured","14":"shipping-taxable","15":"purchasable","16":"product-type-simple"},"_links":{"self":[{"href":"https:\/\/zapaandme.com\/sl\/wp-json\/wp\/v2\/product\/4371","targetHints":{"allow":["GET"]}}],"collection":[{"href":"https:\/\/zapaandme.com\/sl\/wp-json\/wp\/v2\/product"}],"about":[{"href":"https:\/\/zapaandme.com\/sl\/wp-json\/wp\/v2\/types\/product"}],"replies":[{"embeddable":true,"href":"https:\/\/zapaandme.com\/sl\/wp-json\/wp\/v2\/comments?post=4371"}],"version-history":[{"count":0,"href":"https:\/\/zapaandme.com\/sl\/wp-json\/wp\/v2\/product\/4371\/revisions"}],"wp:featuredmedia":[{"embeddable":true,"href":"https:\/\/zapaandme.com\/sl\/wp-json\/wp\/v2\/media\/3797"}],"wp:attachment":[{"href":"https:\/\/zapaandme.com\/sl\/wp-json\/wp\/v2\/media?parent=4371"}],"wp:term":[{"taxonomy":"brand","embeddable":true,"href":"https:\/\/zapaandme.com\/sl\/wp-json\/wp\/v2\/etheme_brands?post=4371"},{"taxonomy":"product_brand","embeddable":true,"href":"https:\/\/zapaandme.com\/sl\/wp-json\/wp\/v2\/product_brand?post=4371"},{"taxonomy":"product_cat","embeddable":true,"href":"https:\/\/zapaandme.com\/sl\/wp-json\/wp\/v2\/product_cat?post=4371"},{"taxonomy":"product_tag","embeddable":true,"href":"https:\/\/zapaandme.com\/sl\/wp-json\/wp\/v2\/product_tag?post=4371"}],"curies":[{"name":"wp","href":"https:\/\/api.w.org\/{rel}","templated":true}]}}