{"id":3310,"date":"2023-02-17T12:05:31","date_gmt":"2023-02-17T11:05:31","guid":{"rendered":"http:\/\/zapaandme.com\/?post_type=product&#038;p=3310"},"modified":"2024-01-22T21:08:39","modified_gmt":"2024-01-22T20:08:39","slug":"roza-pulover-za-pse","status":"publish","type":"product","link":"https:\/\/zapaandme.com\/sl\/izdelek\/roza-pulover-za-pse\/","title":{"rendered":"Roza Pulover za Pse"},"content":{"rendered":"<p>Ta sr\u010dkan in trpe\u017een pulover za pse je izdelan iz izjemno mehkega jersey bomba\u017ea. Diha in je izjemno udoben, kar omogo\u010da va\u0161emu psu prijeten sprehod v hladnih in sve\u017eih jutrih. \u0160e posebej barvit pulover se lahko nosi tudi pod povodcem, kar omogo\u010da va\u0161emu psu slogovite sprehode.<\/p>\n","protected":false},"excerpt":{"rendered":"<p>Ta sr\u010dkan in trpe\u017een pulover za pse je izdelan iz izjemno mehkega jersey bomba\u017ea. Diha in je izjemno udoben, kar omogo\u010da va\u0161emu psu prijeten sprehod&#8230;<\/p>\n","protected":false},"featured_media":2920,"comment_status":"open","ping_status":"closed","template":"","meta":[],"etheme_brands":[],"product_brand":[],"product_cat":[98],"product_tag":[271],"class_list":{"0":"post-3310","1":"product","2":"type-product","3":"status-publish","4":"has-post-thumbnail","6":"product_cat-nekategorizirano","7":"product_tag-dog-accessories-sl","9":"first","10":"instock","11":"sale","12":"shipping-taxable","13":"purchasable","14":"product-type-variable"},"_links":{"self":[{"href":"https:\/\/zapaandme.com\/sl\/wp-json\/wp\/v2\/product\/3310","targetHints":{"allow":["GET"]}}],"collection":[{"href":"https:\/\/zapaandme.com\/sl\/wp-json\/wp\/v2\/product"}],"about":[{"href":"https:\/\/zapaandme.com\/sl\/wp-json\/wp\/v2\/types\/product"}],"replies":[{"embeddable":true,"href":"https:\/\/zapaandme.com\/sl\/wp-json\/wp\/v2\/comments?post=3310"}],"version-history":[{"count":0,"href":"https:\/\/zapaandme.com\/sl\/wp-json\/wp\/v2\/product\/3310\/revisions"}],"wp:featuredmedia":[{"embeddable":true,"href":"https:\/\/zapaandme.com\/sl\/wp-json\/wp\/v2\/media\/2920"}],"wp:attachment":[{"href":"https:\/\/zapaandme.com\/sl\/wp-json\/wp\/v2\/media?parent=3310"}],"wp:term":[{"taxonomy":"brand","embeddable":true,"href":"https:\/\/zapaandme.com\/sl\/wp-json\/wp\/v2\/etheme_brands?post=3310"},{"taxonomy":"product_brand","embeddable":true,"href":"https:\/\/zapaandme.com\/sl\/wp-json\/wp\/v2\/product_brand?post=3310"},{"taxonomy":"product_cat","embeddable":true,"href":"https:\/\/zapaandme.com\/sl\/wp-json\/wp\/v2\/product_cat?post=3310"},{"taxonomy":"product_tag","embeddable":true,"href":"https:\/\/zapaandme.com\/sl\/wp-json\/wp\/v2\/product_tag?post=3310"}],"curies":[{"name":"wp","href":"https:\/\/api.w.org\/{rel}","templated":true}]}}