{"id":22,"date":"2022-03-30T09:26:14","date_gmt":"2022-03-30T09:26:14","guid":{"rendered":"https:\/\/xstore.8theme.com\/elementor\/demos\/animals01\/?page_id=20"},"modified":"2025-04-28T01:02:54","modified_gmt":"2025-04-27T23:02:54","slug":"about-us","status":"publish","type":"page","link":"https:\/\/zapaandme.com\/sl\/about-us\/","title":{"rendered":"Our Story"},"content":{"rendered":"\t\t<div data-elementor-type=\"wp-page\" data-elementor-id=\"22\" class=\"elementor elementor-22\" data-elementor-post-type=\"page\">\n\t\t\t\t\t\t<section class=\"elementor-section elementor-top-section elementor-element elementor-element-3a020c71 elementor-section-content-middle elementor-section-boxed elementor-section-height-default elementor-section-height-default\" data-id=\"3a020c71\" data-element_type=\"section\" data-e-type=\"section\">\n\t\t\t\t\t\t<div class=\"elementor-container elementor-column-gap-no\">\n\t\t\t\t\t<div class=\"elementor-column elementor-col-50 elementor-top-column elementor-element elementor-element-64621a19\" data-id=\"64621a19\" data-element_type=\"column\" data-e-type=\"column\">\n\t\t\t<div class=\"elementor-widget-wrap elementor-element-populated\">\n\t\t\t\t\t\t<div class=\"elementor-element elementor-element-e2d54b1 elementor-widget elementor-widget-heading\" data-id=\"e2d54b1\" data-element_type=\"widget\" data-e-type=\"widget\" data-widget_type=\"heading.default\">\n\t\t\t\t\t<h2 class=\"elementor-heading-title elementor-size-default\">Made with love for wagging tails!<\/h2>\t\t\t\t<\/div>\n\t\t\t\t<div class=\"elementor-element elementor-element-614c9d7c elementor-widget elementor-widget-image\" data-id=\"614c9d7c\" data-element_type=\"widget\" data-e-type=\"widget\" data-widget_type=\"image.default\">\n\t\t\t\t\t\t\t\t\t\t\t\t\t\t\t<img loading=\"lazy\" loading=\"lazy\" decoding=\"async\" width=\"2560\" height=\"1707\" src=\"https:\/\/zapaandme.com\/wp-content\/uploads\/2025\/04\/IMG_0907-scaled.jpeg\" class=\"attachment-full size-full wp-image-6686\" alt=\"-\" srcset=\"https:\/\/zapaandme.com\/wp-content\/uploads\/2025\/04\/IMG_0907-scaled.jpeg 2560w, https:\/\/zapaandme.com\/wp-content\/uploads\/2025\/04\/IMG_0907-500x333.jpeg 500w, https:\/\/zapaandme.com\/wp-content\/uploads\/2025\/04\/IMG_0907-1260x840.jpeg 1260w, https:\/\/zapaandme.com\/wp-content\/uploads\/2025\/04\/IMG_0907-768x512.jpeg 768w, https:\/\/zapaandme.com\/wp-content\/uploads\/2025\/04\/IMG_0907-1536x1024.jpeg 1536w, https:\/\/zapaandme.com\/wp-content\/uploads\/2025\/04\/IMG_0907-2048x1365.jpeg 2048w, https:\/\/zapaandme.com\/wp-content\/uploads\/2025\/04\/IMG_0907-600x400.jpeg 600w, https:\/\/zapaandme.com\/wp-content\/uploads\/2025\/04\/IMG_0907-1x1.jpeg 1w, https:\/\/zapaandme.com\/wp-content\/uploads\/2025\/04\/IMG_0907-10x7.jpeg 10w\" sizes=\"auto, (max-width: 2560px) 100vw, 2560px\" title=\"\">\t\t\t\t\t\t\t\t\t\t\t\t\t\t\t<\/div>\n\t\t\t\t<div class=\"elementor-element elementor-element-fd2e904 elementor-widget elementor-widget-text-editor\" data-id=\"fd2e904\" data-element_type=\"widget\" data-e-type=\"widget\" data-widget_type=\"text-editor.default\">\n\t\t\t\t\t\t\t\t\t<p>Hey you! My name is Ines and this is my dog Ru.<\/p><p>Ever since I was little, my biggest wish was to have a dog. Every year for my birthday, my one and only wish was always the same \u2014 a puppy. As a little girl I dreamed of becoming a veterinarian and even though we never had a dog at home, I always found ways to surround myself with dogs and spend time in their company.<\/p><p>Two years ago, my lifelong dream finally came true when my golden boy-Ru entered my life. From that moment on, everything changed \u2014 he taught me countless lessons, but the most important one is unconditional love.<\/p><p>I always knew I wanted to work with animals, especially dogs, and Ru played a huge part in making that dream a reality. Thanks to him, I recently became the new owner of Zapa &amp; Me, and I am excited and grateful to continue this beautiful journey.<\/p><p>I am deeply passionate about high-quality and practical dog gear, and I believe it should not only be functional but also unique and special \u2014 just like the bond we share with our dogs.<\/p><p>I can\u2019t wait to create with love and care for all of you.<\/p><p>Thank you from the bottom of my heart for every order and every kind word.<\/p><p>Sending lots of love,<\/p><p><em>Zapa, Ru and Ines<\/em><\/p>\t\t\t\t\t\t\t\t<\/div>\n\t\t\t\t\t<\/div>\n\t\t<\/div>\n\t\t\t\t<div class=\"elementor-column elementor-col-50 elementor-top-column elementor-element elementor-element-371ac014\" data-id=\"371ac014\" data-element_type=\"column\" data-e-type=\"column\">\n\t\t\t<div class=\"elementor-widget-wrap elementor-element-populated\">\n\t\t\t\t\t\t<div class=\"elementor-element elementor-element-912ebbb elementor-widget__width-initial elementor-widget elementor-widget-text-editor\" data-id=\"912ebbb\" data-element_type=\"widget\" data-e-type=\"widget\" data-widget_type=\"text-editor.default\">\n\t\t\t\t\t\t\t\t\t<p><span style=\"color: #ff99cc;\"><strong>Narejeno z ljubeznijo za mahajo\u010de repke!<\/strong><\/span><\/p><p>Pozdrav\u010dek! Moje ime je Ines in to je moj psi\u010dek Ru.<\/p><div><p>\u017de od malih nog je bila moja najve\u010dja \u017eelja imeti ku\u017eka. Vsako leto za rojstni dan sem si za\u017eelela le eno \u2013 ku\u017eka. Kot otrok sem sanjala, da bom veterinarka, in \u010deprav doma nismo imeli psa, sem vedno na\u0161la na\u010din, da sem bila obdana s pasjo dru\u017ebo.<\/p><p>Pred dvema letoma pa se je moja najve\u010dja \u017eelja kon\u010dno uresni\u010dila \u2013 v moje \u017eivljenje je pri\u0161el moj zlati ku\u017ea Ru. Od tistega trenutka naprej se je moje \u017eivljenje popolnoma spremenilo. Nau\u010dil me je \u0161tevilnih stvari, najpomembnej\u0161a med njimi pa je brezpogojna ljubezen.<\/p><p>Vedno sem vedela, da si \u017eelim delati nekaj, kar je povezano z \u017eivalicami, \u0161e posebej s psi, in prav Ru ima veliko zaslug, da sem pred kratkim prevzela blagovno znamko Zapa &amp; Me. Z veliko veselja bom nadaljevala to \u010dudovito pot naprej.<\/p><p>Zelo mi je pomembna kakovostna in prakti\u010dna pasja oprema, verjamem pa tudi, da mora biti posebna in unikatna \u2013 tako kot vez, ki jo imamo s svojimi ku\u017eki.<\/p><p>Veselim se ustvarjanja z veliko ljubezni in se vam \u017ee vnaprej iz srca zahvaljujem za vsako naro\u010dilo in lepo besedo.<\/p><p>Topel pasji pozdrav,<\/p><p><em>Zapa, Ru &amp; Ines<\/em><\/p><\/div><div style=\"color: #222222; font-family: Arial, Helvetica, sans-serif; font-size: small;\"><div>\u00a0<\/div><\/div>\t\t\t\t\t\t\t\t<\/div>\n\t\t\t\t\t<\/div>\n\t\t<\/div>\n\t\t\t\t\t<\/div>\n\t\t<\/section>\n\t\t\t\t<section class=\"elementor-section elementor-top-section elementor-element elementor-element-150beb6 elementor-section-content-middle elementor-reverse-mobile elementor-section-boxed elementor-section-height-default elementor-section-height-default\" data-id=\"150beb6\" data-element_type=\"section\" data-e-type=\"section\">\n\t\t\t\t\t\t<div class=\"elementor-container elementor-column-gap-no\">\n\t\t\t\t\t<div class=\"elementor-column elementor-col-100 elementor-top-column elementor-element elementor-element-0f61a56\" data-id=\"0f61a56\" data-element_type=\"column\" data-e-type=\"column\">\n\t\t\t<div class=\"elementor-widget-wrap\">\n\t\t\t\t\t\t\t<\/div>\n\t\t<\/div>\n\t\t\t\t\t<\/div>\n\t\t<\/section>\n\t\t\t\t<\/div>\n\t\t","protected":false},"excerpt":{"rendered":"<p>Made with love for wagging tails! Hey you! My name is Ines and this is my dog Ru. Ever since I was little, my biggest&#8230;<\/p>\n","protected":false},"author":122,"featured_media":0,"parent":0,"menu_order":0,"comment_status":"closed","ping_status":"closed","template":"","meta":{"footnotes":""},"class_list":["post-22","page","type-page","status-publish","hentry"],"_links":{"self":[{"href":"https:\/\/zapaandme.com\/sl\/wp-json\/wp\/v2\/pages\/22","targetHints":{"allow":["GET"]}}],"collection":[{"href":"https:\/\/zapaandme.com\/sl\/wp-json\/wp\/v2\/pages"}],"about":[{"href":"https:\/\/zapaandme.com\/sl\/wp-json\/wp\/v2\/types\/page"}],"author":[{"embeddable":true,"href":"https:\/\/zapaandme.com\/sl\/wp-json\/wp\/v2\/users\/122"}],"replies":[{"embeddable":true,"href":"https:\/\/zapaandme.com\/sl\/wp-json\/wp\/v2\/comments?post=22"}],"version-history":[{"count":12,"href":"https:\/\/zapaandme.com\/sl\/wp-json\/wp\/v2\/pages\/22\/revisions"}],"predecessor-version":[{"id":6704,"href":"https:\/\/zapaandme.com\/sl\/wp-json\/wp\/v2\/pages\/22\/revisions\/6704"}],"wp:attachment":[{"href":"https:\/\/zapaandme.com\/sl\/wp-json\/wp\/v2\/media?parent=22"}],"curies":[{"name":"wp","href":"https:\/\/api.w.org\/{rel}","templated":true}]}}